{"id":67,"date":"2022-05-02T15:34:50","date_gmt":"2022-05-02T15:34:50","guid":{"rendered":"https:\/\/www.jangerka.com\/?page_id=67"},"modified":"2022-05-02T16:48:57","modified_gmt":"2022-05-02T16:48:57","slug":"fitting","status":"publish","type":"page","link":"https:\/\/www.jangerka.com\/?page_id=67","title":{"rendered":"Fitting"},"content":{"rendered":"\n<figure class=\"wp-block-table\"><table><tbody><tr><td><img src=\"https:\/\/www.jangerka.com\/wp-content\/uploads\/2022\/05\/IMG_0416-683x1024.jpg\" alt=\"\" style=\"width: 1500px;\"><\/td><td><strong>Ab welcher Spielst\u00e4rke sollte man seine Golfschl\u00e4ger an sich anpassen lassen?<\/strong><br><br>Ein Fitting macht sogar f\u00fcr einen totalen Anf\u00e4nger Sinn. Die L\u00e4nge des Schl\u00e4gers, das Gewicht und der Lie-Winkel, sollten bei jedem Golfer stimmen und auf seine anatomischen Vorraussetzungen angepasst werden. Spezifikationen wie die Flexibilit\u00e4t\u00a0 des Schaftes k\u00f6nnen auch sp\u00e4ter angepasst werden. Denn selbst ein Anf\u00e4nger, der noch viele Fehler in seinem Schwung hat, macht eine wiederholbare Bewegung, mit der man arbeiten kann. Viele Leute denken, sie seien zu schlecht f\u00fcr ein Fitting. Das ist leider v\u00f6llig falsch.<br><br>Zusammen mit renommierten Fitting-Experten finden wir gemeinsam ein perfekt auf sie abgestimmtes Schl\u00e4gerset, mit dem ihre Leistung auf dem Golfplatz keine Grenzen gesetzt sind.<\/td><\/tr><\/tbody><\/table><\/figure>\n\n\n\n<p><\/p>\n","protected":false},"excerpt":{"rendered":"<p>Ab welcher Spielst\u00e4rke sollte man seine Golfschl\u00e4ger an sich anpassen lassen? Ein Fitting macht sogar f\u00fcr einen totalen Anf\u00e4nger Sinn. Die L\u00e4nge des Schl\u00e4gers, das Gewicht und der Lie-Winkel, sollten &#8230;<\/p>\n","protected":false},"author":1,"featured_media":0,"parent":0,"menu_order":0,"comment_status":"closed","ping_status":"closed","template":"","meta":[],"_links":{"self":[{"href":"https:\/\/www.jangerka.com\/index.php?rest_route=\/wp\/v2\/pages\/67"}],"collection":[{"href":"https:\/\/www.jangerka.com\/index.php?rest_route=\/wp\/v2\/pages"}],"about":[{"href":"https:\/\/www.jangerka.com\/index.php?rest_route=\/wp\/v2\/types\/page"}],"author":[{"embeddable":true,"href":"https:\/\/www.jangerka.com\/index.php?rest_route=\/wp\/v2\/users\/1"}],"replies":[{"embeddable":true,"href":"https:\/\/www.jangerka.com\/index.php?rest_route=%2Fwp%2Fv2%2Fcomments&post=67"}],"version-history":[{"count":5,"href":"https:\/\/www.jangerka.com\/index.php?rest_route=\/wp\/v2\/pages\/67\/revisions"}],"predecessor-version":[{"id":193,"href":"https:\/\/www.jangerka.com\/index.php?rest_route=\/wp\/v2\/pages\/67\/revisions\/193"}],"wp:attachment":[{"href":"https:\/\/www.jangerka.com\/index.php?rest_route=%2Fwp%2Fv2%2Fmedia&parent=67"}],"curies":[{"name":"wp","href":"https:\/\/api.w.org\/{rel}","templated":true}]}}