{"id":63,"date":"2022-05-02T15:34:16","date_gmt":"2022-05-02T15:34:16","guid":{"rendered":"https:\/\/www.jangerka.com\/?page_id=63"},"modified":"2022-05-02T16:41:52","modified_gmt":"2022-05-02T16:41:52","slug":"location","status":"publish","type":"page","link":"https:\/\/www.jangerka.com\/?page_id=63","title":{"rendered":"Location"},"content":{"rendered":"\n<p><strong>Golf de Andratx<\/strong><\/p>\n\n\n\n<figure class=\"wp-block-video\"><video autoplay controls loop src=\"https:\/\/www.jangerka.com\/wp-content\/uploads\/2022\/05\/gda2.mov\" playsinline><\/video><\/figure>\n\n\n\n<p>28 Kilometer s\u00fcdwestlich der Inselhauptstadt Palma de Mallorca, 30 Fahrminuten vom Flughafen entfernt, liegt die Gemeinde Andratx. Im kleinen Ort Camp de Mar befindet sich der Golfplatz Golf de Andratx.<\/p>\n\n\n\n<p>Der leitende Golfarchitekt von Gleneagles Golf, David Kidd, entwarf diesen beeindruckenden Golfplatz. Golf de Andratx geh\u00f6rt nicht nur zu den anspruchsvollsten Golfanlagen, sondern auch zu einer der Sch\u00f6nsten auf Mallorca.&nbsp;<\/p>\n\n\n\n<p>Um diese traumhaft sch\u00f6ne Landschaft zu erhalten, wurden alle Spielbahnen entsprechend in die Landschaft eingebettet. So bilden auch die landestypischen Natursteinmauern eine harmonische Einheit mit der Golfanlage. Zahlreiche, taktisch klug plazierte Bunker und Seen runden die anspruchsvolle Golfanlage in ihrem Gesamtkonzept ab.<\/p>\n\n\n\n<p>Nach der Fertigstellung im April 2000 erhielt dieser Golfplatz von Fachleuten den Beinamen \u201edie schwarze Piste von Mallorca\u201c. Vor allem anspruchsvolle Golfspieler kommen auf der abwechslungsreichen 18-Loch-Anlage voll auf ihre Kosten. Erh\u00f6hte Abschl\u00e4ge, enge Fairways und teils \u201eblinde Schl\u00e4ge\u201c fordern den Spielern w\u00e4hrend ihrer Golfrunde alles ab.<\/p>\n\n\n\n<p><strong>Driving Range<\/strong><\/p>\n\n\n\n<p>Die komfortable Driving Range von Golf de Andratx bietet \u00fcber 15 Abschlagspl\u00e4tze, wovon auch 7 \u00fcberdacht sind. Somit bekommen auch flei\u00dfige Spieler bei jedem Wetter die M\u00f6glichkeit ihr Spiel zu verbessern.&nbsp;<\/p>\n\n\n\n<p>Bei einer Gesamtl\u00e4nge von \u00fcber 250 Metern kommen auch \u201eLonghitter\u201c hier auf ihre Kosten. Zwei gro\u00dfz\u00fcgige Putting-Greens, eine Chipping- und Pitching-Area und ein \u00dcbungsbunker erg\u00e4nzen die \u00dcbungseinrichtung und bietet allen Leistungsklassen gen\u00fcgend M\u00f6glichkeiten ihr Spiel zu verbessern.<\/p>\n","protected":false},"excerpt":{"rendered":"<p>Golf de Andratx 28 Kilometer s\u00fcdwestlich der Inselhauptstadt Palma de Mallorca, 30 Fahrminuten vom Flughafen entfernt, liegt die Gemeinde Andratx. Im kleinen Ort Camp de Mar befindet sich der Golfplatz &#8230;<\/p>\n","protected":false},"author":1,"featured_media":0,"parent":0,"menu_order":0,"comment_status":"closed","ping_status":"closed","template":"","meta":[],"_links":{"self":[{"href":"https:\/\/www.jangerka.com\/index.php?rest_route=\/wp\/v2\/pages\/63"}],"collection":[{"href":"https:\/\/www.jangerka.com\/index.php?rest_route=\/wp\/v2\/pages"}],"about":[{"href":"https:\/\/www.jangerka.com\/index.php?rest_route=\/wp\/v2\/types\/page"}],"author":[{"embeddable":true,"href":"https:\/\/www.jangerka.com\/index.php?rest_route=\/wp\/v2\/users\/1"}],"replies":[{"embeddable":true,"href":"https:\/\/www.jangerka.com\/index.php?rest_route=%2Fwp%2Fv2%2Fcomments&post=63"}],"version-history":[{"count":3,"href":"https:\/\/www.jangerka.com\/index.php?rest_route=\/wp\/v2\/pages\/63\/revisions"}],"predecessor-version":[{"id":179,"href":"https:\/\/www.jangerka.com\/index.php?rest_route=\/wp\/v2\/pages\/63\/revisions\/179"}],"wp:attachment":[{"href":"https:\/\/www.jangerka.com\/index.php?rest_route=%2Fwp%2Fv2%2Fmedia&parent=63"}],"curies":[{"name":"wp","href":"https:\/\/api.w.org\/{rel}","templated":true}]}}