{"id":59,"date":"2022-05-02T15:32:43","date_gmt":"2022-05-02T15:32:43","guid":{"rendered":"https:\/\/www.jangerka.com\/?page_id=59"},"modified":"2022-05-02T16:17:51","modified_gmt":"2022-05-02T16:17:51","slug":"trackman","status":"publish","type":"page","link":"https:\/\/www.jangerka.com\/?page_id=59","title":{"rendered":"Trackman"},"content":{"rendered":"\n<figure class=\"wp-block-table\"><table><tbody><tr><td><img loading=\"lazy\" width=\"289\" height=\"289\" src=\"https:\/\/www.jangerka.com\/wp-content\/uploads\/2022\/05\/TrackMan-4-Launch-Monitor-660x465-750x750-1.png\" alt=\"\"><\/td><td><img src=\"https:\/\/www.jangerka.com\/wp-content\/uploads\/2022\/05\/social.png\" alt=\"\"><\/td><\/tr><\/tbody><\/table><\/figure>\n\n\n\n<p><strong>Was ist ein Trackman?<\/strong><\/p>\n\n\n\n<p>TrackMan ist ein Radarmessger\u00e4t, das mit Doppler-Radar-Technik den Golfballflug in Echtzeit messen kann.<\/p>\n\n\n\n<p>Dar\u00fcber hinaus erkennt er w\u00e4hrend des Schlages auch den Schl\u00e4ger und liefert dem Spieler und dem Trainer hochpr\u00e4zise Daten zu jedem einzelnen Schlag. Verbunden mit einem Computer, IPad oder Smartphone und der dazugeh\u00f6rigen Software entsteht somit die wohl genaueste Analyse, welche der Golfmarkt derzeit zu bieten hat. Diese beinhaltet \u00fcber 20 verschiedene Parameter:<\/p>\n\n\n\n<p>Beispielsweise\u2026.<\/p>\n\n\n\n<ul><li>Schl\u00e4gerkopfgeschwindkigkeit&nbsp;<\/li><\/ul>\n\n\n\n<ul><li>Ballgeschwindigkeit&nbsp;<\/li><\/ul>\n\n\n\n<ul><li>Schlagl\u00e4nge im Flug&nbsp;<\/li><\/ul>\n\n\n\n<ul><li>Gesamtschlagl\u00e4nge&nbsp;<\/li><\/ul>\n\n\n\n<ul><li>Eintreffwinkel (Attack Angle)<\/li><\/ul>\n\n\n\n<ul><li>Spin&nbsp;<\/li><\/ul>\n\n\n\n<ul><li>Schlagfl\u00e4chenorientierung im Treffmoment (Face Angle)<\/li><\/ul>\n\n\n\n<ul><li>Schl\u00e4gerkopfweg im Impactintervall (Path)<\/li><\/ul>\n\n\n\n<p><\/p>\n","protected":false},"excerpt":{"rendered":"<p>Was ist ein Trackman? TrackMan ist ein Radarmessger\u00e4t, das mit Doppler-Radar-Technik den Golfballflug in Echtzeit messen kann. Dar\u00fcber hinaus erkennt er w\u00e4hrend des Schlages auch den Schl\u00e4ger und liefert dem &#8230;<\/p>\n","protected":false},"author":1,"featured_media":0,"parent":0,"menu_order":0,"comment_status":"closed","ping_status":"closed","template":"","meta":[],"_links":{"self":[{"href":"https:\/\/www.jangerka.com\/index.php?rest_route=\/wp\/v2\/pages\/59"}],"collection":[{"href":"https:\/\/www.jangerka.com\/index.php?rest_route=\/wp\/v2\/pages"}],"about":[{"href":"https:\/\/www.jangerka.com\/index.php?rest_route=\/wp\/v2\/types\/page"}],"author":[{"embeddable":true,"href":"https:\/\/www.jangerka.com\/index.php?rest_route=\/wp\/v2\/users\/1"}],"replies":[{"embeddable":true,"href":"https:\/\/www.jangerka.com\/index.php?rest_route=%2Fwp%2Fv2%2Fcomments&post=59"}],"version-history":[{"count":4,"href":"https:\/\/www.jangerka.com\/index.php?rest_route=\/wp\/v2\/pages\/59\/revisions"}],"predecessor-version":[{"id":167,"href":"https:\/\/www.jangerka.com\/index.php?rest_route=\/wp\/v2\/pages\/59\/revisions\/167"}],"wp:attachment":[{"href":"https:\/\/www.jangerka.com\/index.php?rest_route=%2Fwp%2Fv2%2Fmedia&parent=59"}],"curies":[{"name":"wp","href":"https:\/\/api.w.org\/{rel}","templated":true}]}}