{"id":53,"date":"2022-05-02T15:30:11","date_gmt":"2022-05-02T15:30:11","guid":{"rendered":"https:\/\/www.jangerka.com\/?page_id=53"},"modified":"2022-05-02T15:47:38","modified_gmt":"2022-05-02T15:47:38","slug":"uber-mich","status":"publish","type":"page","link":"https:\/\/www.jangerka.com\/?page_id=53","title":{"rendered":"\u00dcber mich"},"content":{"rendered":"\n<div class=\"wp-block-columns\">\n<div class=\"wp-block-column\" style=\"flex-basis:100%\">\n<div class=\"wp-block-group\"><div class=\"wp-block-group__inner-container\">\n<figure class=\"wp-block-table is-style-regular\"><table><tbody><tr><td><img src=\"https:\/\/www.jangerka.com\/wp-content\/uploads\/2022\/05\/jan1-714x1024.jpg\" alt=\"\" style=\"width: 550px;\"><\/td><td>Im Alter von 10 Jahren hat mich der Golfsport gepackt und seitdem nicht mehr los gelassen. Durch das Computerspiel \u201eTiger Woods PGA Tour\u201c kam ich mit diesem vermeintlichen \u201eAltherrensport\u201c das erste Mal in Kontakt.<br>&nbsp;<br>Nachdem ich meine Eltern erst eine Weile davon \u00fcberzeugen musste, dass es mir mit dem Golfsport Ernst ist, folgten in den Sommerferien 2006 die ersten Trainerstunden im Golfclub Hof, aktive Teilnahme am Jugendtraining und sogar das erste Turnier am Ende der Saison.&nbsp;<br>Schnell wurde Golf nicht nur zu einem Hobby, sondern zu einer absoluten Leidenschaft f\u00fcr mich. Jede freie Minute, die Wochenenden und meine Ferien habe ich auf dem Golfplatz verbracht.<br>&nbsp;<br>Dass ich nun alleine f\u00fcr meine Leistung auf dem Golfplatz verantwortlich war und nicht von einem Mitspieler oder Team abh\u00e4ngig war, motivierte mich und trieb mich an, flei\u00dfig zu trainieren und Turniere zu spielen.<br><br>Nachdem ich unserem Pro im Club einige Male bei Schnupperkursen assistiert hatte, fand ich Gefallen daran auch beruflich im Golfsport Fu\u00df zu fassen.&nbsp;<br>Im Juli 2015 schloss ich mein Fachabitur erfolgreich ab und startete direkt mit dem PreCourse der PGA of Germany.<br>&nbsp;<br>Von Februar 2016 bis November 2018 absolvierte ich meine Ausbildung als Golf Professional auf Golf de Andratx.<br>Seitdem arbeite ich als Fully Qualified PGA Professional im Golfclub Golf de Andratx und unterrichte vom Neueinsteiger bis hin zum Bundesligaspieler jede m\u00f6gliche Leistungsklasse an Golfspielern.<br><\/td><\/tr><\/tbody><\/table><\/figure>\n<\/div><\/div>\n<\/div>\n<\/div>\n\n\n\n<p><\/p>\n","protected":false},"excerpt":{"rendered":"<p>Im Alter von 10 Jahren hat mich der Golfsport gepackt und seitdem nicht mehr los gelassen. Durch das Computerspiel \u201eTiger Woods PGA Tour\u201c kam ich mit diesem vermeintlichen \u201eAltherrensport\u201c das &#8230;<\/p>\n","protected":false},"author":1,"featured_media":0,"parent":0,"menu_order":0,"comment_status":"closed","ping_status":"closed","template":"","meta":[],"_links":{"self":[{"href":"https:\/\/www.jangerka.com\/index.php?rest_route=\/wp\/v2\/pages\/53"}],"collection":[{"href":"https:\/\/www.jangerka.com\/index.php?rest_route=\/wp\/v2\/pages"}],"about":[{"href":"https:\/\/www.jangerka.com\/index.php?rest_route=\/wp\/v2\/types\/page"}],"author":[{"embeddable":true,"href":"https:\/\/www.jangerka.com\/index.php?rest_route=\/wp\/v2\/users\/1"}],"replies":[{"embeddable":true,"href":"https:\/\/www.jangerka.com\/index.php?rest_route=%2Fwp%2Fv2%2Fcomments&post=53"}],"version-history":[{"count":13,"href":"https:\/\/www.jangerka.com\/index.php?rest_route=\/wp\/v2\/pages\/53\/revisions"}],"predecessor-version":[{"id":113,"href":"https:\/\/www.jangerka.com\/index.php?rest_route=\/wp\/v2\/pages\/53\/revisions\/113"}],"wp:attachment":[{"href":"https:\/\/www.jangerka.com\/index.php?rest_route=%2Fwp%2Fv2%2Fmedia&parent=53"}],"curies":[{"name":"wp","href":"https:\/\/api.w.org\/{rel}","templated":true}]}}