{"id":299,"date":"2023-01-26T07:20:52","date_gmt":"2023-01-26T07:20:52","guid":{"rendered":"https:\/\/www.jangerka.com\/?page_id=299"},"modified":"2023-01-26T07:20:52","modified_gmt":"2023-01-26T07:20:52","slug":"politica-de-privacidad-redes-sociales","status":"publish","type":"page","link":"https:\/\/www.jangerka.com\/?page_id=299","title":{"rendered":"POL\u00cdTICA DE PRIVACIDAD REDES SOCIALES"},"content":{"rendered":"\n<p>De conformidad con lo establecido en la normativa vigente y aplicable de protecci\u00f3n de datos de car\u00e1cter&nbsp;personal y la Ley 34\/2002, de 11 de julio, de Servicios de la Sociedad de la Informaci\u00f3n y de Comercio&nbsp;Electr\u00f3nico (LSSI-CE), JAN NIKLAS GERKA informa a los usuarios, que ha procedido a crear un perfil en las&nbsp;Redes Sociales Facebook, Tuenti, Twitter, Instagram, Flickr,&nbsp;Pinterest, Linkedin, Foursquare y YouTube con la&nbsp;finalidad&nbsp;principal&nbsp;de&nbsp;publicitar&nbsp;sus&nbsp;productos&nbsp;y&nbsp;servicios.<\/p>\n\n\n\n<p>Datos&nbsp;de&nbsp;JAN NIKLAS GERKA:<\/p>\n\n\n\n<ul><li>NIF:&nbsp;Y4535210S<\/li><li>DIRECCI\u00d3N:&nbsp;CALLE DE BRISMAR 13 1D, 07157 PORT DE ANDRATX (ILLES&nbsp;BALEARS)<\/li><li>CORREO&nbsp;ELECTR\u00d3NICO:jan@jangerka.com<\/li><li>DOMINIO&nbsp;WEB www.jangerka.com<\/li><\/ul>\n\n\n\n<p>El usuario dispone de un perfil en la misma Red Social y ha decidido unirse a la p\u00e1gina creada por&nbsp;<\/p>\n\n\n\n<p>JAN NIKLAS GERKA, mostrando as\u00ed inter\u00e9s en la informaci\u00f3n que se publicite en la Red. Al unirse a nuestra p\u00e1gina,&nbsp;nos&nbsp;facilita&nbsp;suconsentimiento&nbsp;para&nbsp;el&nbsp;tratamiento&nbsp;de&nbsp;aquellos datos&nbsp;personales&nbsp;publicados&nbsp;en&nbsp;su&nbsp;perfil.<\/p>\n\n\n\n<p>El usuario puede acceder en todo momento a las pol\u00edticas de privacidad de la propia Red Social, as\u00ed como&nbsp;configurar&nbsp;su&nbsp;perfil para garantizarsu&nbsp;privacidad.<\/p>\n\n\n\n<p>JAN NIKLAS GERKA tiene acceso y trata aquella informaci\u00f3n p\u00fablica del usuario, en especial, su nombre de&nbsp;contacto. Estos datos, s\u00f3lo son utilizados dentro de la propia Red Social. No son incorporados a ning\u00fan sistema&nbsp;de&nbsp;tratamiento.<\/p>\n\n\n\n<h2>Derechos&nbsp;de&nbsp;los&nbsp;interesados<\/h2>\n\n\n\n<p>En relaci\u00f3n a los derechos de acceso, rectificaci\u00f3n, limitaci\u00f3n de tratamiento, supresi\u00f3n, portabilidad y oposici\u00f3n&nbsp;al tratamiento de sus datos de car\u00e1cter personal, de los que usted dispone y que pueden ser ejercitados ante&nbsp;JAN NIKLAS GERKA,&nbsp;de&nbsp;acuerdo&nbsp;con&nbsp;el&nbsp;RGPD, debe&nbsp;tener en&nbsp;cuenta&nbsp;los&nbsp;siguientes matices:<\/p>\n\n\n\n<ul><li><strong><u>Derecho de Acceso<\/u><\/strong>: Es el derecho del usuario a obtener informaci\u00f3n sobre sus datos concretos de&nbsp;car\u00e1cter&nbsp;personal&nbsp;y&nbsp;deltratamiento&nbsp;que&nbsp;se&nbsp;haya&nbsp;realizado&nbsp;o&nbsp;realice,&nbsp;as\u00ed&nbsp;como&nbsp;de&nbsp;la&nbsp;informaci\u00f3n&nbsp;disponible&nbsp;sobre&nbsp;el&nbsp;origen&nbsp;de&nbsp;dichos&nbsp;datos&nbsp;y&nbsp;lascomunicaciones&nbsp;realizadas&nbsp;o&nbsp;previstas&nbsp;de&nbsp;los&nbsp;mismos.<\/li><li><strong><u>Derecho de Rectificaci\u00f3n<\/u><\/strong>: Es el derecho del afectado a que se modifiquen los datos que resulten ser&nbsp;inexactos o incompletos. S\u00f3lo podr\u00e1 satisfacerse en relaci\u00f3n a aquella informaci\u00f3n que se encuentre&nbsp;bajo el control de JAN NIKLAS GERKA, por ejemplo, eliminar comentarios publicados en la propia&nbsp;p\u00e1gina,&nbsp;im\u00e1genes o&nbsp;contenidos web&nbsp;donde&nbsp;consten&nbsp;datos de&nbsp;car\u00e1cter&nbsp;personal&nbsp;del&nbsp;usuario.<\/li><li><strong><u>Derecho a la Limitaci\u00f3n de tratamiento<\/u><\/strong>: Es el derecho a que se limiten los fines del tratamiento&nbsp;previstos de forma original&nbsp;por&nbsp;el responsable&nbsp;del&nbsp;tratamiento.<\/li><li><strong><u>Derecho&nbsp;de&nbsp;Supresi\u00f3n<\/u><\/strong>:&nbsp;Es&nbsp;el&nbsp;derecho&nbsp;a&nbsp;suprimir&nbsp;los&nbsp;datos&nbsp;de&nbsp;car\u00e1cter&nbsp;personal&nbsp;del&nbsp;usuario,&nbsp;a&nbsp;excepci\u00f3n de lo previsto&nbsp;en el propio RGPD o en otras normativas&nbsp;aplicables&nbsp;que determinen la&nbsp;obligatoriedad&nbsp;de&nbsp;la&nbsp;conservaci\u00f3n de los mismos, en&nbsp;tiempo&nbsp;y&nbsp;forma.<\/li><li><strong><u>Derecho&nbsp;de&nbsp;portabilidad<\/u><\/strong>:&nbsp;El&nbsp;derecho&nbsp;a&nbsp;recibir&nbsp;los&nbsp;datos&nbsp;personales&nbsp;que&nbsp;el&nbsp;usuario,&nbsp;haya&nbsp;facilitado,&nbsp;en&nbsp;un&nbsp;formato&nbsp;estructurado,&nbsp;deuso&nbsp;com\u00fan&nbsp;y lectura&nbsp;mec\u00e1nica,&nbsp;y&nbsp;a&nbsp;transmitirlos&nbsp;a&nbsp;otro&nbsp;responsable.<\/li><li><strong><u>Derecho de Oposici\u00f3n<\/u><\/strong>: Es el derecho del usuario a que no se lleve a cabo el tratamiento de sus datos&nbsp;de&nbsp;car\u00e1cter&nbsp;personal&nbsp;o&nbsp;secese&nbsp;el&nbsp;tratamiento&nbsp;de&nbsp;los mismos&nbsp;por&nbsp;parte&nbsp;de&nbsp;JAN NIKLAS GERKA.<\/li><\/ul>\n\n\n\n<p>JAN NIKLAS GERKA&nbsp;realizar\u00e1&nbsp;las&nbsp;siguientes&nbsp;actuaciones:<\/p>\n\n\n\n<ul><li>Acceso&nbsp;a&nbsp;la&nbsp;informaci\u00f3n&nbsp;p\u00fablica&nbsp;del&nbsp;perfil.<\/li><\/ul>\n\n\n\n<ul><li>Publicaci\u00f3n&nbsp;en&nbsp;el&nbsp;perfil&nbsp;del&nbsp;usuario&nbsp;de&nbsp;toda&nbsp;aquella&nbsp;informaci\u00f3n&nbsp;ya&nbsp;publicada&nbsp;en&nbsp;la&nbsp;p\u00e1gina&nbsp;de<\/li><\/ul>\n\n\n\n<p>JAN NIKLAS GERKA.<\/p>\n\n\n\n<ul><li>Enviar&nbsp;mensajes&nbsp;personales&nbsp;e&nbsp;individuales&nbsp;a&nbsp;trav\u00e9s&nbsp;de&nbsp;los&nbsp;canales&nbsp;de&nbsp;la&nbsp;Red&nbsp;Social.<\/li><li>Actualizaciones&nbsp;del&nbsp;estado&nbsp;de&nbsp;la&nbsp;p\u00e1gina&nbsp;que&nbsp;se&nbsp;publicar\u00e1n&nbsp;en&nbsp;el&nbsp;perfil&nbsp;del&nbsp;usuario.<\/li><\/ul>\n\n\n\n<p>El usuario siempre puede controlar sus conexiones, eliminar los contenidos que dejen de interesarle y restringir&nbsp;con&nbsp;qui\u00e9n&nbsp;comparte&nbsp;sus conexiones,&nbsp;para ello&nbsp;deber\u00e1&nbsp;acceder&nbsp;a&nbsp;su&nbsp;configuraci\u00f3n de&nbsp;privacidad.<\/p>\n\n\n\n<h2>Publicaciones<\/h2>\n\n\n\n<p>El usuario, una vez unido a la p\u00e1gina de JAN NIKLAS GERKA, podr\u00e1 publicar en \u00e9sta \u00faltima comentarios,&nbsp;enlaces, im\u00e1genes o fotograf\u00edas o cualquier otro tipo de contenido multimedia soportado por la Red Social. El&nbsp;usuario, en todos los casos, debe ser el titular de los mismos, gozar de los derechos de autor y de propiedad&nbsp;intelectual&nbsp;o&nbsp;contar&nbsp;con&nbsp;el&nbsp;consentimiento&nbsp;de&nbsp;los&nbsp;terceros&nbsp;afectados.&nbsp;Se&nbsp;proh\u00edbe&nbsp;expresamentecualquier&nbsp;publicaci\u00f3n en la p\u00e1gina, ya sean textos, gr\u00e1ficos, fotograf\u00edas, v\u00eddeos, etc. que atenten o sean susceptibles de&nbsp;atentar contra la moral, la \u00e9tica, el buen gusto o el decoro, y\/o que infrinjan, violen o quebranten los derechos de&nbsp;propiedad intelectual o industrial, el derecho a la imagen o la Ley. En estos casos, JAN NIKLAS GERKA se&nbsp;reserva&nbsp;el&nbsp;derecho&nbsp;a&nbsp;retirar&nbsp;de&nbsp;inmediato&nbsp;el&nbsp;contenido,&nbsp;pudiendo&nbsp;solicitar&nbsp;elbloqueo&nbsp;permanente&nbsp;del&nbsp;usuario.<\/p>\n\n\n\n<p>JAN NIKLAS GERKA&nbsp;no&nbsp;se&nbsp;har\u00e1&nbsp;responsable&nbsp;de&nbsp;los&nbsp;contenidos&nbsp;que&nbsp;libremente&nbsp;ha&nbsp;publicado&nbsp;un&nbsp;usuario.<\/p>\n\n\n\n<p>El usuario debe tener presente que sus publicaciones ser\u00e1n conocidas por los otros&nbsp;usuarios, por lo que \u00e9l&nbsp;mismo&nbsp;es&nbsp;el principal responsablede&nbsp;su privacidad.<\/p>\n\n\n\n<p>Las im\u00e1genes que puedan publicarse en la p\u00e1gina no ser\u00e1n almacenadas en ning\u00fan sistema de tratamiento por&nbsp;parte&nbsp;de&nbsp;JAN NIKLAS GERKA,&nbsp;pero&nbsp;s\u00ed que permanecer\u00e1n&nbsp;en&nbsp;la&nbsp;Red Social.<\/p>\n\n\n\n<h2>Concursos&nbsp;y&nbsp;promociones<\/h2>\n\n\n\n<p>JAN NIKLAS GERKA&nbsp;se&nbsp;reserva&nbsp;el&nbsp;derecho&nbsp;a&nbsp;realizar&nbsp;concursos&nbsp;y&nbsp;promociones,&nbsp;en&nbsp;los&nbsp;que&nbsp;podr\u00e1&nbsp;participar&nbsp;el usuario unido a su p\u00e1gina. Las bases de cada uno de ellos, cuando se utilice para ello la plataforma de la Red&nbsp;Social, ser\u00e1n publicadas en la misma. Cumpliendo siempre con la LSSI-CE y con cualquier otra norma que le sea&nbsp;de&nbsp;aplicaci\u00f3n.<\/p>\n\n\n\n<p>La Red Social no patrocina, avala ni administra, de modo alguno, ninguna de nuestras promociones, ni est\u00e1&nbsp;asociada&nbsp;a&nbsp;ninguna&nbsp;de&nbsp;ellas.<\/p>\n\n\n\n<h2>Publicidad<\/h2>\n\n\n\n<p>JAN NIKLAS GERKA utilizar\u00e1 la Red Social para publicitar sus productos y servicios, en todo caso, si decide&nbsp;tratar sus datos de contacto para realizar acciones directas de prospecci\u00f3n comercial, ser\u00e1 siempre, cumpliendo&nbsp;con&nbsp;las&nbsp;exigencias&nbsp;legales&nbsp;del&nbsp;RGPD y de la&nbsp;LSSI-CE.<\/p>\n\n\n\n<p>No se considerar\u00e1 publicidad el hecho de recomendar a otros usuarios la p\u00e1gina de JAN NIKLAS GERKA&nbsp;para&nbsp;que&nbsp;tambi\u00e9n&nbsp;ellos&nbsp;puedandisfrutar&nbsp;de&nbsp;las promociones&nbsp;o&nbsp;estar&nbsp;informados de&nbsp;su&nbsp;actividad.<\/p>\n\n\n\n<p>A&nbsp;continuaci\u00f3n&nbsp;detallamos&nbsp;el&nbsp;enlace&nbsp;a la&nbsp;pol\u00edtica&nbsp;de&nbsp;privacidad&nbsp;de&nbsp;la&nbsp;Red&nbsp;Social:<\/p>\n\n\n\n<ul><li>Facebook:&nbsp;https:\/\/es-es.facebook.com\/privacy\/explanation<\/li><\/ul>\n\n\n\n<ul><li>Tuenti:&nbsp;<a href=\"https:\/\/m.tuenti.com\/?m=corporate&amp;func=terms_of_use\">https:\/\/m.tuenti.com\/?m=corporate&amp;func=terms_of_use<\/a><\/li><\/ul>\n\n\n\n<ul><li>Twitter:&nbsp;<a href=\"https:\/\/twitter.com\/privacy\">https:\/\/twitter.com\/privacy<\/a><\/li><\/ul>\n\n\n\n<ul><li>Instagram:&nbsp;<a href=\"http:\/\/instagram.com\/about\/legal\/privacy\/\">http:\/\/instagram.com\/about\/legal\/privacy\/<\/a><\/li><\/ul>\n\n\n\n<ul><li>Flickr:&nbsp;<a href=\"http:\/\/info.yahoo.com\/privacy\/es\/yahoo\/flickr\/\">http:\/\/info.yahoo.com\/privacy\/es\/yahoo\/flickr\/<\/a><\/li><\/ul>\n\n\n\n<ul><li>Pinterest:\u00a0<a href=\"https:\/\/policy.pinterest.com\/es\/privacy-policy\">https:\/\/policy.pinterest.com\/es\/privacy-policy<\/a><\/li><\/ul>\n\n\n\n<ul><li>Linkedin:&nbsp;<a href=\"http:\/\/www.linkedin.com\/legal\/privacy-policy?trk=hb_ft_priv\">http:\/\/www.linkedin.com\/legal\/privacy-policy?trk=hb_ft_priv<\/a><\/li><\/ul>\n\n\n\n<ul><li>Foursquare:&nbsp;<a href=\"https:\/\/es.foursquare.com\/legal\/privacy\">https:\/\/es.foursquare.com\/legal\/privacy<\/a><\/li><\/ul>\n\n\n\n<ul><li>YouTube:&nbsp;<a href=\"https:\/\/www.youtube.com\/intl\/es\/about\/policies\/#community-guidelines\">https:\/\/www.youtube.com\/intl\/es\/about\/policies\/#community-guidelines<\/a><\/li><\/ul>\n\n\n\n<p><strong><u>\u00daLTIMA&nbsp;ACTUALIZACI\u00d3N<\/u><\/strong><strong>: 9 de&nbsp;junio&nbsp;de 2021<\/strong><\/p>\n","protected":false},"excerpt":{"rendered":"<p>De conformidad con lo establecido en la normativa vigente y aplicable de protecci\u00f3n de datos de car\u00e1cter&nbsp;personal y la Ley 34\/2002, de 11 de julio, de Servicios de la Sociedad &#8230;<\/p>\n","protected":false},"author":1,"featured_media":0,"parent":0,"menu_order":0,"comment_status":"closed","ping_status":"closed","template":"","meta":[],"_links":{"self":[{"href":"https:\/\/www.jangerka.com\/index.php?rest_route=\/wp\/v2\/pages\/299"}],"collection":[{"href":"https:\/\/www.jangerka.com\/index.php?rest_route=\/wp\/v2\/pages"}],"about":[{"href":"https:\/\/www.jangerka.com\/index.php?rest_route=\/wp\/v2\/types\/page"}],"author":[{"embeddable":true,"href":"https:\/\/www.jangerka.com\/index.php?rest_route=\/wp\/v2\/users\/1"}],"replies":[{"embeddable":true,"href":"https:\/\/www.jangerka.com\/index.php?rest_route=%2Fwp%2Fv2%2Fcomments&post=299"}],"version-history":[{"count":1,"href":"https:\/\/www.jangerka.com\/index.php?rest_route=\/wp\/v2\/pages\/299\/revisions"}],"predecessor-version":[{"id":301,"href":"https:\/\/www.jangerka.com\/index.php?rest_route=\/wp\/v2\/pages\/299\/revisions\/301"}],"wp:attachment":[{"href":"https:\/\/www.jangerka.com\/index.php?rest_route=%2Fwp%2Fv2%2Fmedia&parent=299"}],"curies":[{"name":"wp","href":"https:\/\/api.w.org\/{rel}","templated":true}]}}