{"id":295,"date":"2023-01-26T07:20:06","date_gmt":"2023-01-26T07:20:06","guid":{"rendered":"https:\/\/www.jangerka.com\/?page_id=295"},"modified":"2023-01-26T07:20:07","modified_gmt":"2023-01-26T07:20:07","slug":"aviso-legal","status":"publish","type":"page","link":"https:\/\/www.jangerka.com\/?page_id=295","title":{"rendered":"AVISO LEGAL"},"content":{"rendered":"\n<h2>INTRODUCCI\u00d3N<\/h2>\n\n\n\n<p>En cumplimiento de la Ley 34\/2002, de 11 de julio, de Servicios de la Sociedad de la Informaci\u00f3n y de Comercio&nbsp;Electr\u00f3nico (LSSI-CE), JAN NIKLAS GERKA informa que es titular del sitio web. De acuerdo con la exigencia&nbsp;del&nbsp;art\u00edculo&nbsp;10&nbsp;de la&nbsp;citada&nbsp;Ley, JAN NIKLAS GERKA informa de&nbsp;los&nbsp;siguientes&nbsp;datos:<\/p>\n\n\n\n<figure class=\"wp-block-table\"><table><tbody><tr><td><strong>RAZ\u00d3N&nbsp;SOCIAL<\/strong><strong><\/strong><\/td><td>JAN NIKLAS GERKA<\/td><\/tr><tr><td><strong>NIF<\/strong><strong><\/strong><\/td><td>Y4535210S<\/td><\/tr><tr><td><strong>DIRECCI\u00d3N<\/strong><strong><\/strong><strong>POSTAL<\/strong><strong><\/strong><\/td><td>CALLE DE BRISMAR 13 1D, 07157 PORT DE ANDRATX (ILLES&nbsp;BALEARS)<\/td><\/tr><tr><td><strong>DIRECCI\u00d3N<\/strong><strong><\/strong><strong>ELECTR\u00d3NICA<\/strong><strong><\/strong><\/td><td>jan@jangerka.com<\/td><\/tr><tr><td><strong>TEL\u00c9FONOS<\/strong><strong><\/strong><\/td><td>+34 634 33 5855<\/td><\/tr><tr><td><strong>OBJETO<\/strong><strong><\/strong><strong>PRINCIPAL<\/strong><strong><\/strong><\/td><td>ENTRENADOR DE GOLF<\/td><\/tr><\/tbody><\/table><\/figure>\n\n\n\n<h2>USUARIO Y&nbsp;R\u00c9GIMEN&nbsp;DE&nbsp;RESPONSABILIDADES<\/h2>\n\n\n\n<p>La navegaci\u00f3n, acceso y uso por el sitio web de JAN NIKLAS GERKA confiere la condici\u00f3n de usuario, por la&nbsp;que se aceptan, desde la navegaci\u00f3n por el sitio web de JAN NIKLAS GERKA, todas las condiciones de uso&nbsp;aqu\u00ed establecidas sin perjuicio de la aplicaci\u00f3n de la correspondiente normativa de obligado cumplimiento legal&nbsp;seg\u00fan el&nbsp;caso.<\/p>\n\n\n\n<p>El sitio web de JAN NIKLAS GERKA proporciona gran diversidad de informaci\u00f3n, servicios y datos. El usuario&nbsp;asume&nbsp;su&nbsp;responsabilidad&nbsp;en&nbsp;eluso&nbsp;correcto&nbsp;del&nbsp;sitio&nbsp;web. Esta&nbsp;responsabilidad&nbsp;se&nbsp;extender\u00e1 a:<\/p>\n\n\n\n<ul><li>La veracidad y licitud de las informaciones aportadas por el usuario en los formularios extendidos por&nbsp;JAN NIKLAS GERKA para&nbsp;elacceso&nbsp;a&nbsp;ciertos&nbsp;contenidos o&nbsp;servicios&nbsp;ofrecidos&nbsp;por&nbsp;el web.<\/li><li>El uso de la informaci\u00f3n, servicios y datos ofrecidos por JAN NIKLAS GERKA contrariamente a lo&nbsp;dispuesto por las presentes condiciones, la Ley, la moral, las buenas costumbres o el orden p\u00fablico, o&nbsp;que&nbsp;de&nbsp;cualquier&nbsp;otro&nbsp;modo&nbsp;puedan&nbsp;suponer&nbsp;lesi\u00f3n&nbsp;de&nbsp;losderechos&nbsp;de&nbsp;terceros&nbsp;o&nbsp;del&nbsp;mismo&nbsp;funcionamiento&nbsp;del&nbsp;sitio web.<\/li><\/ul>\n\n\n\n<h2>POL\u00cdTICA&nbsp;DE&nbsp;ENLACES&nbsp;Y&nbsp;EXENCIONES&nbsp;DE&nbsp;RESPONSABILIDAD<\/h2>\n\n\n\n<p>JAN NIKLAS GERKA no se hace responsable del contenido de los sitios web a los que el usuario pueda&nbsp;acceder a trav\u00e9s de los enlaces establecidos en su sitio web y declara que en ning\u00fan caso proceder\u00e1 a examinar&nbsp;o ejercitar ning\u00fan tipo de control sobre el contenido de otros sitios de la red. Asimismo, tampoco garantizar\u00e1 la&nbsp;disponibilidad&nbsp;t\u00e9cnica,&nbsp;exactitud,&nbsp;veracidad,&nbsp;validez&nbsp;o&nbsp;legalidad&nbsp;de&nbsp;sitios&nbsp;ajenos&nbsp;a&nbsp;supropiedad&nbsp;a&nbsp;los&nbsp;que&nbsp;se&nbsp;pueda&nbsp;acceder por&nbsp;medio&nbsp;de&nbsp;los&nbsp;enlaces.<\/p>\n\n\n\n<p>JAN NIKLAS GERKA declara haber adoptado todas las medidas necesarias para evitar cualquier da\u00f1o a los&nbsp;usuarios de su sitio web, que pudieran derivarse de la navegaci\u00f3n por su sitio web. En consecuencia, JAN NIKLAS GERKA no se hace responsable, en ning\u00fan caso, de los eventuales da\u00f1os que por la navegaci\u00f3n por&nbsp;Internet&nbsp;pudiera sufrir&nbsp;el usuario.<\/p>\n\n\n\n<h2>MODIFICACIONES<\/h2>\n\n\n\n<p>JAN NIKLAS GERKA se reserva el derecho a realizar las modificaciones que considere oportunas, sin aviso&nbsp;previo, en el contenido de su sitio web. Tanto en lo referente a los contenidos del sitio web, como en las&nbsp;condiciones de uso del mismo, o en las condiciones generales de contrataci\u00f3n. Dichas modificaciones podr\u00e1n&nbsp;realizarse a trav\u00e9s de su sitio web por cualquier forma admisible en derecho y ser\u00e1n de obligado cumplimiento&nbsp;durante el tiempo en que se encuentren publicadas en el web y hasta que no sean modificadas v\u00e1lidamente por&nbsp;otrasposteriores.<\/p>\n\n\n\n<h2>PROPIEDAD&nbsp;INTELECTUAL&nbsp;E&nbsp;INDUSTRIAL<\/h2>\n\n\n\n<p>JAN NIKLAS GERKA&nbsp;por&nbsp;s\u00ed&nbsp;misma&nbsp;o&nbsp;como&nbsp;cesionaria,&nbsp;es&nbsp;titular&nbsp;de&nbsp;todos&nbsp;los&nbsp;derechos&nbsp;de&nbsp;propiedad&nbsp;intelectual e industrial de su p\u00e1gina web, as\u00ed como de los elementos contenidos en la misma (a t\u00edtulo enunciativo,&nbsp;im\u00e1genes, sonido, audio, v\u00eddeo, software o textos; marcas o logotipos, combinaciones de colores, estructura y&nbsp;dise\u00f1o, selecci\u00f3n de materiales usados, programas de ordenador necesarios para su funcionamiento, acceso y&nbsp;uso, etc.), titularidad de JAN NIKLAS GERKA. Ser\u00e1n, por consiguiente, obras protegidas como propiedad&nbsp;intelectual&nbsp;por&nbsp;elordenamiento&nbsp;jur\u00eddico&nbsp;espa\u00f1ol,&nbsp;si\u00e9ndoles&nbsp;aplicables&nbsp;tanto&nbsp;la&nbsp;normativa&nbsp;espa\u00f1ola&nbsp;y&nbsp;comunitaria&nbsp;en&nbsp;este&nbsp;campo,&nbsp;como los&nbsp;tratadosinternacionales relativos&nbsp;a&nbsp;la materia&nbsp;y&nbsp;suscritos por&nbsp;Espa\u00f1a.<\/p>\n\n\n\n<p>Todos&nbsp;los&nbsp;derechos&nbsp;reservados.&nbsp;En&nbsp;virtud&nbsp;de&nbsp;lo&nbsp;dispuesto&nbsp;en&nbsp;la&nbsp;Ley&nbsp;de&nbsp;Propiedad&nbsp;Intelectual,&nbsp;quedan&nbsp;expresamente prohibidas la reproducci\u00f3n, la distribuci\u00f3n y la comunicaci\u00f3n p\u00fablica, incluida su modalidad de&nbsp;puesta a disposici\u00f3n, de la totalidad o parte de los contenidos de esta p\u00e1gina web, con fines comerciales, en&nbsp;cualquier&nbsp;soporte&nbsp;y&nbsp;por&nbsp;cualquier&nbsp;medio&nbsp;t\u00e9cnico,&nbsp;sin&nbsp;la&nbsp;autorizaci\u00f3n&nbsp;de&nbsp;JAN NIKLAS GERKA.<\/p>\n\n\n\n<p>El usuario se compromete a respetar los derechos de Propiedad Intelectual e Industrial titularidad de&nbsp;<\/p>\n\n\n\n<p>JAN NIKLAS GERKA. Podr\u00e1 visualizar los elementos del portal e incluso imprimirlos, copiarlos y almacenarlos en el&nbsp;disco duro de su ordenador o&nbsp;en cualquier otro&nbsp;soporte&nbsp;f\u00edsico siempre y cuando&nbsp;sea, \u00fanica y exclusivamente,&nbsp;para su uso personal y privado. El usuario deber\u00e1 abstenerse de suprimir, alterar, eludir o manipular cualquier&nbsp;dispositivo de protecci\u00f3n o sistema de seguridad que estuviera instalado en&nbsp;las p\u00e1ginas de JAN NIKLAS GERKA.<\/p>\n\n\n\n<h2>ACCIONES&nbsp;LEGALES,&nbsp;LEGISLACI\u00d3N&nbsp;APLICABLE&nbsp;Y&nbsp;JURISDICCI\u00d3N<\/h2>\n\n\n\n<p>JAN NIKLAS GERKA se reserva, asimismo, la facultad de presentar las acciones civiles o penales que&nbsp;considere oportunas por la utilizaci\u00f3n indebida de su sitio web y contenidos, o por el incumplimiento de las&nbsp;presentes condiciones.<\/p>\n\n\n\n<p>La relaci\u00f3n entre el usuario y el prestador se regir\u00e1 por la normativa vigente y de aplicaci\u00f3n en el territorio&nbsp;espa\u00f1ol. De surgir cualquier controversia las partes podr\u00e1n someter sus conflictos a arbitraje o acudir a la&nbsp;jurisdicci\u00f3n ordinaria cumpliendo con las normas sobre jurisdicci\u00f3n y competencia al respecto. JAN NIKLAS GERKA&nbsp;tiene su domicilio en ILLES&nbsp;BALEARS, Espa\u00f1a.<\/p>\n\n\n\n<p>Los contratos celebrados por v\u00eda electr\u00f3nica en los que intervenga como parte un consumidor se presumir\u00e1n&nbsp;celebrados&nbsp;en el lugar en&nbsp;que\u00e9ste&nbsp;tenga su&nbsp;residencia habitual.<\/p>\n\n\n\n<p>Los&nbsp;contratos&nbsp;electr\u00f3nicos&nbsp;entre&nbsp;empresarios&nbsp;o&nbsp;profesionales,&nbsp;en&nbsp;defecto&nbsp;de&nbsp;pacto&nbsp;entre&nbsp;las&nbsp;partes,&nbsp;se&nbsp;presumir\u00e1n&nbsp;celebrados en el&nbsp;lugar enque est\u00e9&nbsp;establecido&nbsp;el&nbsp;prestador de&nbsp;servicios.<\/p>\n\n\n\n<p><strong><u>\u00daLTIMA&nbsp;ACTUALIZACI\u00d3N<\/u><\/strong><strong>: 9 de&nbsp;junio&nbsp;de 2021<\/strong><\/p>\n","protected":false},"excerpt":{"rendered":"<p>INTRODUCCI\u00d3N En cumplimiento de la Ley 34\/2002, de 11 de julio, de Servicios de la Sociedad de la Informaci\u00f3n y de Comercio&nbsp;Electr\u00f3nico (LSSI-CE), JAN NIKLAS GERKA informa que es titular &#8230;<\/p>\n","protected":false},"author":1,"featured_media":0,"parent":0,"menu_order":0,"comment_status":"closed","ping_status":"closed","template":"","meta":[],"_links":{"self":[{"href":"https:\/\/www.jangerka.com\/index.php?rest_route=\/wp\/v2\/pages\/295"}],"collection":[{"href":"https:\/\/www.jangerka.com\/index.php?rest_route=\/wp\/v2\/pages"}],"about":[{"href":"https:\/\/www.jangerka.com\/index.php?rest_route=\/wp\/v2\/types\/page"}],"author":[{"embeddable":true,"href":"https:\/\/www.jangerka.com\/index.php?rest_route=\/wp\/v2\/users\/1"}],"replies":[{"embeddable":true,"href":"https:\/\/www.jangerka.com\/index.php?rest_route=%2Fwp%2Fv2%2Fcomments&post=295"}],"version-history":[{"count":1,"href":"https:\/\/www.jangerka.com\/index.php?rest_route=\/wp\/v2\/pages\/295\/revisions"}],"predecessor-version":[{"id":297,"href":"https:\/\/www.jangerka.com\/index.php?rest_route=\/wp\/v2\/pages\/295\/revisions\/297"}],"wp:attachment":[{"href":"https:\/\/www.jangerka.com\/index.php?rest_route=%2Fwp%2Fv2%2Fmedia&parent=295"}],"curies":[{"name":"wp","href":"https:\/\/api.w.org\/{rel}","templated":true}]}}